{"id":220,"date":"2015-09-28T20:41:51","date_gmt":"2015-09-28T20:41:51","guid":{"rendered":"http:\/\/plethorathemes.com\/healthx\/?page_id=220"},"modified":"2025-03-18T12:25:10","modified_gmt":"2025-03-18T08:25:10","slug":"onecare-saglik-planlari","status":"publish","type":"page","link":"https:\/\/conciergebatumi.com\/tr\/onecare-health-plans\/","title":{"rendered":"OneCare Sa\u011fl\u0131k Planlar\u0131"},"content":{"rendered":"<div class=\"wpb-content-wrapper\"><section class=\"vc_row wpb_row vc_row-fluid no_bottom_padding\">\n\t\t<div class=\"row\">\n            <div class=\"wpb_column vc_column_container col-sm-12 margin_bottom_grid text-left\">\n                <div class=\"wpb_wrapper\">\n\n\t<div class=\"wpb_text_column wpb_content_element wpb_animate_when_almost_visible wpb_fadeIn fadeIn OneCare Health Plans For Everyone\" >\n\t\t<div class=\"wpb_wrapper\">\n\t\t\t<h3><strong>\u00a0OneCare Sa\u011fl\u0131k Planlar\u0131na Ho\u015f Geldiniz \u2013 Concierge taraf\u0131ndan<\/strong><\/h3>\n<p>\u00d6zel hizmetlerimizle d\u00fcnya standartlar\u0131nda t\u0131bbi bak\u0131m\u0131 deneyimleyin <strong>Kap\u0131c\u0131 Hizmeti<\/strong>\u2014kesin te\u015fhislerden birinci s\u0131n\u0131f \u00f6nleyici planlara. Tam kontrol m\u00fc istiyorsunuz? <strong>Kendi paketinizi \u00f6zelle\u015ftirin<\/strong> ve tam olarak ihtiyac\u0131n\u0131z olan\u0131 elde edin. <strong>Sa\u011fl\u0131\u011f\u0131n\u0131z, se\u00e7iminiz, huzurunuz!<\/strong><\/p>\n\n\t\t<\/div>\n\t<\/div>\n\n\t<div class=\"wpb_text_column wpb_content_element\" >\n\t\t<div class=\"wpb_wrapper\">\n\t\t\t<p>\u015eu anda <a href=\"https:\/\/conciergebatumi.com\/tr\/\">Concierge T\u0131bbi Merkezi<\/a>, ger\u00e7ekten fark yaratan ki\u015fiselle\u015ftirilmi\u015f bak\u0131ma inan\u0131yoruz. Bizi Tiflis&#039;te veya Batum&#039;da ziyaret ediyor olun, uzman doktorlardan ve \u015fefkatli personelden olu\u015fan \u00f6zverili ekibimiz size ola\u011fan\u00fcst\u00fc, d\u00fcnya standartlar\u0131nda bir sa\u011fl\u0131k hizmeti deneyimi sunmak i\u00e7in burada.<a href=\"https:\/\/sheniekimi.ge\/category\/sheni-ekimi\/\" target=\"_blank\" rel=\"noopener\"> Sizin iyili\u011finiz<\/a> \u00f6nceli\u011fimizdir ve s\u00fcrecin her a\u015famas\u0131nda size destek olmak i\u00e7in buraday\u0131z!<\/p>\n\n\t\t<\/div>\n\t<\/div>\n\n                <\/div>\n            <\/div>\n\t\t<\/div>\n<\/section>\n\n\n<section class=\"vc_row wpb_row vc_row-fluid text-center separator_bottom sep_angled_positive_bottom\">\n\t\t<div class=\"row\">\n            <div class=\"wpb_column vc_column_container col-sm-4\">\n                <div class=\"wpb_wrapper\">\n<div class=\"pricing_plan white_section\">  \n\n\n    <div class=\"stretchy_wrapper ratio_16-9\">\n      <div style=\"background-image:url('https:\/\/conciergebatumi.com\/wp-content\/uploads\/2015\/09\/pricing-0021.jpg');\" class=\"pricing_plan_photo\"><\/div>\n      \n    <\/div>\n\n\n  <div  class=\"plan_title skincolored_section\">\n    <h3>Genel Kontrol Plan\u0131<\/h3>\n    <p>2 G\u00dcN<\/p>\n  <\/div>\n  <div class=\"the_price secondary_section\">$350<small>\/2 G\u00fcn<\/small><\/div>\n  <div class=\"the_offerings\">\n   - Uzman Dan\u0131\u015fmanl\u0131klar\u0131<br \/>\n- Temel De\u011ferlendirmeler<br \/>\n- Laboratuvar Testleri<br \/>\n- Kardiyovask\u00fcler ve Solunum Kontrolleri<br \/>\n- Kar\u0131n ve Metabolik Taramalar   <br \/> \n\n\n  <a href=\"https:\/\/conciergebatumi.com\/tr\/one-day-check-up-plan\/\" class=\"btn btn-primary with-icon icon-right\" title=\"\" target=\"_blank\">\n\n    Ayr\u0131nt\u0131lar\u0131 G\u00f6r\u00fcnt\u00fcle\n\n     <i class=\"fa fa-caret-right\"><\/i>  \n\n  <\/a>\n\n\n  <\/div>\n\n<\/div>\n                <\/div>\n            <\/div>\n            <div class=\"wpb_column vc_column_container col-sm-4\">\n                <div class=\"wpb_wrapper\">\n<div class=\"pricing_plan white_section\">  \n\n\n    <div class=\"stretchy_wrapper ratio_16-9\">\n      <div style=\"background-image:url('https:\/\/conciergebatumi.com\/wp-content\/uploads\/2015\/09\/pricing-004.jpg');\" class=\"pricing_plan_photo\"><\/div>\n      <div class=\"heart beating\"><div class=\"heart-inner\"><div class=\"heart-label\"><\/div><\/div><\/div>\n    <\/div>\n\n\n  <div  class=\"plan_title skincolored_section\">\n    <h3>KADINLAR \u0130\u00c7\u0130N KONTROL PLANI<\/h3>\n    <p>1 G\u00fcn<\/p>\n  <\/div>\n  <div class=\"the_price secondary_section\">$195<small>\/1 G\u00dcN<\/small><\/div>\n  <div class=\"the_offerings\">\n   - Uzman Dan\u0131\u015fmanl\u0131klar\u0131<br \/>\n- Temel De\u011ferlendirmeler<br \/>\n- Laboratuvar Testleri<br \/>\n- G\u00f6r\u00fcnt\u00fcleme Ara\u015ft\u0131rmalar\u0131<br \/>\n- Takipler   <br \/> \n\n\n  <a href=\"https:\/\/conciergebatumi.com\/tr\/kadinlar-icin-bir-gunluk-check-up-plani\/\" class=\"btn btn-primary with-icon icon-right\" title=\"\" target=\"_blank\">\n\n    Ayr\u0131nt\u0131lar\u0131 G\u00f6r\u00fcnt\u00fcle\n\n     <i class=\"fa fa-caret-right\"><\/i>  \n\n  <\/a>\n\n\n  <\/div>\n\n<\/div>\n                <\/div>\n            <\/div>\n            <div class=\"wpb_column vc_column_container col-sm-4\">\n                <div class=\"wpb_wrapper\">\n<div class=\"pricing_plan white_section\">  \n\n\n    <div class=\"stretchy_wrapper ratio_16-9\">\n      <div style=\"background-image:url('https:\/\/conciergebatumi.com\/wp-content\/uploads\/2015\/09\/pricing-003.jpg');\" class=\"pricing_plan_photo\"><\/div>\n      \n    <\/div>\n\n\n  <div  class=\"plan_title dark_section\">\n    <h3>prim<\/h3>\n    <p>SINIRSIZ KONTROLLER<\/p>\n  <\/div>\n  <div class=\"the_price skincolored_section\">$350<small>\/y\u0131l<\/small><\/div>\n  <div class=\"the_offerings\">\n   Uygulay\u0131c\u0131 Ziyaretleri<br \/>\nG\u00f6r\u00fcnt\u00fcleme (PET\/MRI)<br \/>\nUzman Ziyaretleri<br \/>\n\u00d6zel \u0130la\u00e7lar   <br \/> \n\n\n  <a href=\"#\" class=\"btn btn-primary with-icon icon-right\" title=\"\"  target=\"_self\">\n\n    \u0130stek Plan\u0131\n\n     <i class=\"fa fa-caret-right\"><\/i>  \n\n  <\/a>\n\n\n  <\/div>\n\n<\/div>\n                <\/div>\n            <\/div>\n\t\t<\/div>\n<\/section>\n\n\n<section class=\"vc_row wpb_row vc_row-fluid no_bottom_padding\">\n\t\t<div class=\"row\">\n            <div class=\"wpb_column vc_column_container col-sm-12 margin_bottom_grid text-left\">\n                <div class=\"wpb_wrapper\">\n<div class=\"vc_separator wpb_content_element vc_separator_align_left vc_sep_width_100 vc_sep_pos_align_right vc_sep_color_black wpb_content_element vc_separator-has-text\" ><span class=\"vc_sep_holder vc_sep_holder_l\"><span class=\"vc_sep_line\"><\/span><\/span><h4>Her ihtiyaca uygun bir plan<\/h4><span class=\"vc_sep_holder vc_sep_holder_r\"><span class=\"vc_sep_line\"><\/span><\/span>\n<\/div>\n\t<div class=\"wpb_text_column wpb_content_element\" >\n\t\t<div class=\"wpb_wrapper\">\n\t\t\t<p>Sa\u011fl\u0131k yolculu\u011funuz \u00fczerinde tam kontrole sahip olmak m\u0131 istiyorsunuz? Concierge Medical Center&#039;da kendi ki\u015fiselle\u015ftirilmi\u015f check-up plan\u0131n\u0131z\u0131 olu\u015fturun. A\u015fa\u011f\u0131daki d\u00fc\u011fmeye t\u0131klay\u0131n!<\/p>\n\n\t\t<\/div>\n\t<\/div>\n<div class=\"plethora_button wpb_content_element   text-left\">\n    <a href=\"https:\/\/conciergebatumi.com\/tr\/create-your-own-plan\/\" class=\"btn btn-primary with-icon icon-left\" title=\"\" target=\"_self\" debug>\n\n         <i class=\"wmi icon-i-medical-library\"><\/i> \n        Kendinizinkini yarat\u0131n\n        \n\n    <\/a>\n<\/div>\n                <\/div>\n            <\/div>\n\t\t<\/div>\n<\/section>\n\n\n<section style=\"background-image: url('https:\/\/conciergebatumi.com\/wp-content\/uploads\/2015\/10\/blue_left.jpg')\" class=\"vc_row wpb_row vc_row-fluid secondary_section text-center transparent_film vcenter bgimage bg_vcenter\">\n\t\t<div class=\"row\">\n            <div class=\"wpb_column vc_column_container col-sm-12\">\n                <div class=\"wpb_wrapper\">\n<div class=\"section_header subtitle_bottom   thin text-center\">\n\n    <h2 style=\"text-align: center;\">Ki\u015fiye \u00d6zel Sa\u011fl\u0131k Plan\u0131na m\u0131 \u0130htiyac\u0131n\u0131z Var?<\/h2>\n\n\n        <p >Hemen Aray\u0131n <b>(+995) 593501444<\/b> &amp; Bilgi \u0130ste<\/p>\n<\/div><div class=\"plethora_button wpb_content_element   text-center\">\n    <a href=\"https:\/\/conciergebatumi.com\/tr\/randevu-rezervasyonu\/\" class=\"btn btn-success\" title=\"Randevu\" target=\"_blank\" debug>\n\n        \n        Temsilcimizden Bir Arama Talebinde Bulunun\n        \n\n    <\/a>\n<\/div>\n                <\/div>\n            <\/div>\n\t\t<\/div>\n<\/section>\n<\/div>","protected":false},"excerpt":{"rendered":"\u00a0Welcome to OneCare Health Plans \u2013 by Concierge Experience world-class medical care with our exclusive Concierge Service\u2014from precise diagnoses to premium preventive plans. Want full control? Customize your own package and get exactly what you need. Your health, your choice, your peace of mind! At Concierge Medical Center, we believe in personalized care that truly [...]","protected":false},"author":1,"featured_media":2753,"parent":0,"menu_order":0,"comment_status":"closed","ping_status":"closed","template":"","meta":{"footnotes":""},"class_list":["post-220","page","type-page","status-publish","has-post-thumbnail","hentry"],"_links":{"self":[{"href":"https:\/\/conciergebatumi.com\/tr\/wp-json\/wp\/v2\/pages\/220","targetHints":{"allow":["GET"]}}],"collection":[{"href":"https:\/\/conciergebatumi.com\/tr\/wp-json\/wp\/v2\/pages"}],"about":[{"href":"https:\/\/conciergebatumi.com\/tr\/wp-json\/wp\/v2\/types\/page"}],"author":[{"embeddable":true,"href":"https:\/\/conciergebatumi.com\/tr\/wp-json\/wp\/v2\/users\/1"}],"replies":[{"embeddable":true,"href":"https:\/\/conciergebatumi.com\/tr\/wp-json\/wp\/v2\/comments?post=220"}],"version-history":[{"count":0,"href":"https:\/\/conciergebatumi.com\/tr\/wp-json\/wp\/v2\/pages\/220\/revisions"}],"wp:featuredmedia":[{"embeddable":true,"href":"https:\/\/conciergebatumi.com\/tr\/wp-json\/wp\/v2\/media\/2753"}],"wp:attachment":[{"href":"https:\/\/conciergebatumi.com\/tr\/wp-json\/wp\/v2\/media?parent=220"}],"curies":[{"name":"wp","href":"https:\/\/api.w.org\/{rel}","templated":true}]}}