{"id":284,"date":"2015-09-29T13:17:23","date_gmt":"2015-09-29T13:17:23","guid":{"rendered":"http:\/\/plethorathemes.com\/healthx\/?page_id=284"},"modified":"2025-04-07T14:03:15","modified_gmt":"2025-04-07T10:03:15","slug":"saglik-kutuphanesi-az","status":"publish","type":"page","link":"https:\/\/conciergebatumi.com\/tr\/health-library-a-z\/","title":{"rendered":"Sa\u011fl\u0131k K\u00fct\u00fcphanesi AZ"},"content":{"rendered":"<div class=\"wpb-content-wrapper\"><section class=\"vc_row wpb_row vc_row-fluid\">\n\t\t<div class=\"row\">\n            <div class=\"wpb_column vc_column_container col-sm-12\">\n                <div class=\"wpb_wrapper\">\n\n\t<div class=\"wpb_text_column wpb_content_element\" >\n\t\t<div class=\"wpb_wrapper\">\n\t\t\t\n\t\t<\/div>\n\t<\/div>\n\n                <\/div>\n            <\/div>\n\t\t<\/div>\n<\/section>\n\n\n<section class=\"vc_row wpb_row vc_row-fluid\">\n\t\t<div class=\"row\">\n            <div class=\"wpb_column vc_column_container col-sm-12\">\n                <div class=\"wpb_wrapper\">\n<div class=\"knowledgebase  el_class\">\n  <div class=\"row\">\n\n    <div class=\"col-md-3 col-sm-6 same_height_col\">\n      <h5>A<\/h5>\n      <ul>\n          <li>\n          \n            <a  href=\"https:\/\/conciergebatumi.com\/tr\/terminology\/alzheimers-disease-symptoms\/\"  class=\"\" target=\"_blank\" title=\"Alzheimer Hastal\u0131\u011f\u0131\" data-tip=\"Alzheimers Disease\">Alzheimer Hastal\u0131\u011f\u0131\n            <\/a>\n\n          <\/li>   \n          <li>\n          \n            <a  href=\"https:\/\/conciergebatumi.com\/tr\/terminology\/anal-fissure\/\"  class=\"\" target=\"_blank\" title=\"Anal Fiss\u00fcr\" data-tip=\"Anal Fissure\">Anal Fiss\u00fcr\n            <\/a>\n\n          <\/li>   \n          <li>\n          \n            <a  href=\"https:\/\/conciergebatumi.com\/tr\/terminology\/arrhythmia\/\"  class=\"\" target=\"_blank\" title=\"Aritmi\" data-tip=\"Arrhythmia\">Aritmi\n            <\/a>\n\n          <\/li>   \n          <li>\n          \n            <a  href=\"https:\/\/conciergebatumi.com\/tr\/terminology\/arteriosclerosis-symptoms\/\"  class=\"\" target=\"_blank\" title=\"Damar sertli\u011fi\" data-tip=\"Arteriosclerosis\">Damar sertli\u011fi\n            <\/a>\n\n          <\/li>   \n          <li>\n          \n            <a  href=\"https:\/\/conciergebatumi.com\/tr\/terminology\/arthritis-symptoms-treatment\/\"  class=\"\" target=\"_blank\" title=\"Artrit\" data-tip=\"Arthritis\">Artrit\n            <\/a>\n\n          <\/li>   \n          <li>\n          \n            <a  href=\"https:\/\/conciergebatumi.com\/tr\/terminology\/asthma-symptoms-treatment-guide\/\"  class=\"\" target=\"_blank\" title=\"Ast\u0131m\" data-tip=\"Asthma\">Ast\u0131m\n            <\/a>\n\n          <\/li>   \n      <\/ul>\n    <\/div>\n\n\n    <div class=\"col-md-3 col-sm-6 same_height_col\">\n      <h5>B<\/h5>\n      <ul>\n          <li>\n          \n            <a  href=\"https:\/\/conciergebatumi.com\/tr\/terminology\/back-pain\/\"  class=\"\" target=\"_blank\" title=\"S\u0131rt A\u011fr\u0131s\u0131\" data-tip=\"Back Pain\">S\u0131rt A\u011fr\u0131s\u0131\n            <\/a>\n\n          <\/li>   \n          <li>\n          \n            <a  href=\"https:\/\/conciergebatumi.com\/tr\/terminology\/bad-breath-causes-symptoms\/\"  class=\"\" target=\"_blank\" title=\"K\u00f6t\u00fc nefes\" data-tip=\"Bad breath\">K\u00f6t\u00fc nefes\n            <\/a>\n\n          <\/li>   \n          <li>\n          \n            <a  href=\"https:\/\/conciergebatumi.com\/tr\/terminology\/bladder-infection-causes\/\"  class=\"\" target=\"_blank\" title=\"Mesane Enfeksiyonu\" data-tip=\"Bladder Infection\">Mesane Enfeksiyonu\n            <\/a>\n\n          <\/li>   \n      <\/ul>\n    <\/div>\n\n\n    <div class=\"col-md-3 col-sm-6 same_height_col\">\n      <h5>C<\/h5>\n      <ul>\n          <li>\n          \n            <a  href=\"https:\/\/conciergebatumi.com\/tr\/terminology\/cardiomyopathy\/\"  class=\"\" target=\"_blank\" title=\"Kardiyomiyopati\" data-tip=\"Cardiomyopathy\">Kardiyomiyopati\n            <\/a>\n\n          <\/li>   \n          <li>\n          \n            <a  href=\"https:\/\/conciergebatumi.com\/tr\/terminology\/cat-scan\/\"  class=\"\" target=\"_blank\" title=\"CAT taramas\u0131\" data-tip=\"CAT Scan\">CAT taramas\u0131\n            <\/a>\n\n          <\/li>   \n          <li>\n          \n            <a  href=\"https:\/\/conciergebatumi.com\/tr\/terminology\/cataracts\/\"  class=\"\" target=\"_blank\" title=\"Katarakt\" data-tip=\"Cataracts\">Katarakt\n            <\/a>\n\n          <\/li>   \n          <li>\n          \n            <a  href=\"https:\/\/conciergebatumi.com\/tr\/terminology\/chest-pain\/\"  class=\"\" target=\"_blank\" title=\"G\u00f6\u011f\u00fcs a\u011fr\u0131s\u0131\" data-tip=\"Chest Pain\">G\u00f6\u011f\u00fcs a\u011fr\u0131s\u0131\n            <\/a>\n\n          <\/li>   \n          <li>\n          \n            <a  href=\"https:\/\/conciergebatumi.com\/tr\/terminology\/cirrhosis-of-the-liver\/\"  class=\"\" target=\"_blank\" title=\"karaci\u011fer sirozu\" data-tip=\"cirrhosis of the liver\">karaci\u011fer sirozu\n            <\/a>\n\n          <\/li>   \n          <li>\n          \n            <a  href=\"https:\/\/conciergebatumi.com\/tr\/terminology\/constipation\/\"  class=\"\" target=\"_blank\" title=\"Kab\u0131zl\u0131k\" data-tip=\"Constipation\">Kab\u0131zl\u0131k\n            <\/a>\n\n          <\/li>   \n      <\/ul>\n    <\/div>\n\n\n    <div class=\"col-md-3 col-sm-6 same_height_col\">\n      <h5>D<\/h5>\n      <ul>\n          <li>\n          \n            <a  href=\"https:\/\/conciergebatumi.com\/tr\/terminology\/dehydration-symptoms-prevention\/\"  class=\"\" target=\"_blank\" title=\"Susuz kalma\" data-tip=\"Dehydration\">Susuz kalma\n            <\/a>\n\n          <\/li>   \n          <li>\n          \n            <a  href=\"https:\/\/conciergebatumi.com\/tr\/terminology\/diabetes\/\"  class=\"\" target=\"_blank\" title=\"Diyabet\" data-tip=\"Diabetes\">Diyabet\n            <\/a>\n\n          <\/li>   \n      <\/ul>\n    <\/div>\n\n\n    <div class=\"col-md-3 col-sm-6 same_height_col\">\n      <h5>E<\/h5>\n      <ul>\n          <li>\n          \n            <a  href=\"https:\/\/conciergebatumi.com\/tr\/terminology\/ear-infection-symptoms-treatment\/\"  class=\"\" target=\"_blank\" title=\"Kulak Enfeksiyonu\" data-tip=\"Ear Infection\">Kulak Enfeksiyonu\n            <\/a>\n\n          <\/li>   \n          <li>\n          \n            <a  href=\"https:\/\/conciergebatumi.com\/tr\/terminology\/echocardiogram-heart-health\/\"  class=\"\" target=\"_blank\" title=\"Ekokardiyogram\" data-tip=\"Echocardiogram\">Ekokardiyogram\n            <\/a>\n\n          <\/li>   \n          <li>\n          \n            <a  href=\"https:\/\/conciergebatumi.com\/tr\/terminology\/encephalopathy-brain-dysfunction\/\"  class=\"\" target=\"_blank\" title=\"Ensefalopati\" data-tip=\"Encephalopathy\">Ensefalopati\n            <\/a>\n\n          <\/li>   \n      <\/ul>\n    <\/div>\n\n\n    <div class=\"col-md-3 col-sm-6 same_height_col\">\n      <h5>F<\/h5>\n      <ul>\n          <li>\n          \n            <a  href=\"https:\/\/conciergebatumi.com\/tr\/terminology\/fainting-causes-symptoms-treatment\/\"  class=\"\" target=\"_blank\" title=\"Bay\u0131lma\" data-tip=\"Fainting\">Bay\u0131lma\n            <\/a>\n\n          <\/li>   \n          <li>\n          \n            <a  href=\"https:\/\/conciergebatumi.com\/tr\/terminology\/fertilityfertility-reproductive\/\"  class=\"\" target=\"_blank\" title=\"Do\u011furganl\u0131k\" data-tip=\"Fertility\">Do\u011furganl\u0131k\n            <\/a>\n\n          <\/li>   \n          <li>\n          \n            <a  href=\"https:\/\/conciergebatumi.com\/tr\/terminology\/first-aid\/\"  class=\"\" target=\"_blank\" title=\"\u0130lk yard\u0131m\" data-tip=\"First Aid\">\u0130lk yard\u0131m\n            <\/a>\n\n          <\/li>   \n          <li>\n          \n            <a  href=\"https:\/\/conciergebatumi.com\/tr\/terminology\/flu-influenza-symptoms-treatment\/\"  class=\"\" target=\"_blank\" title=\"Grip Grip\" data-tip=\"Flu Influenza\">Grip Grip\n            <\/a>\n\n          <\/li>   \n          <li>\n          \n            <a  href=\"https:\/\/conciergebatumi.com\/tr\/terminology\/food-allergy-symptoms-treatment\/\"  class=\"\" target=\"_blank\" title=\"G\u0131da Alerjisi\" data-tip=\"Food Allergy\">G\u0131da Alerjisi\n            <\/a>\n\n          <\/li>   \n      <\/ul>\n    <\/div>\n\n\n    <div class=\"col-md-3 col-sm-6 same_height_col\">\n      <h5>G<\/h5>\n      <ul>\n          <li>\n          \n            <a  href=\"https:\/\/conciergebatumi.com\/tr\/terminology\/gastric-ulcer\/\"  class=\"\" target=\"_blank\" title=\"Mide \u00fclseri\" data-tip=\"Gastric Ulcer\">Mide \u00fclseri\n            <\/a>\n\n          <\/li>   \n          <li>\n          \n            <a  href=\"https:\/\/conciergebatumi.com\/tr\/terminology\/genetic-disease\/\"  class=\"\" target=\"_blank\" title=\"Genetik Hastal\u0131k\" data-tip=\"Genetic Disease\">Genetik Hastal\u0131k\n            <\/a>\n\n          <\/li>   \n          <li>\n          \n            <a  href=\"https:\/\/conciergebatumi.com\/tr\/terminology\/glaucoma\/\"  class=\"\" target=\"_blank\" title=\"Glokom\" data-tip=\"Glaucoma\">Glokom\n            <\/a>\n\n          <\/li>   \n      <\/ul>\n    <\/div>\n\n\n    <div class=\"col-md-3 col-sm-6 same_height_col\">\n      <h5>H<\/h5>\n      <ul>\n          <li>\n          \n            <a  href=\"https:\/\/conciergebatumi.com\/tr\/terminology\/health-risks-at-the-sea\/\"  class=\"\" target=\"_blank\" title=\"Denizdeki Sa\u011fl\u0131k Riskleri\" data-tip=\"Health Risks at the Sea\">Denizdeki Sa\u011fl\u0131k Riskleri\n            <\/a>\n\n          <\/li>   \n      <\/ul>\n    <\/div>\n\n\n    <div class=\"col-md-3 col-sm-6 same_height_col\">\n      <h5>BEN<\/h5>\n      <ul>\n          <li>\n          \n            <a  href=\"https:\/\/conciergebatumi.com\/tr\/terminology\/infectious-mononucleosis\/\"  class=\"\" target=\"_blank\" title=\"Bula\u015f\u0131c\u0131 Monon\u00fckleoz\" data-tip=\"Infectious Mononucleosis\">Bula\u015f\u0131c\u0131 Monon\u00fckleoz\n            <\/a>\n\n          <\/li>   \n      <\/ul>\n    <\/div>\n\n\n    <div class=\"col-md-3 col-sm-6 same_height_col\">\n      <h5>L<\/h5>\n      <ul>\n          <li>\n          \n            <a  href=\"https:\/\/conciergebatumi.com\/tr\/terminology\/leukemia\/\"  class=\"\" target=\"_blank\" title=\"L\u00f6semi\" data-tip=\"Leukemia\">L\u00f6semi\n            <\/a>\n\n          <\/li>   \n      <\/ul>\n    <\/div>\n\n\n    <div class=\"col-md-3 col-sm-6 same_height_col\">\n      <h5>M<\/h5>\n      <ul>\n          <li>\n          \n            <a  href=\"https:\/\/conciergebatumi.com\/tr\/terminology\/migraine\/\"  class=\"\" target=\"_blank\" title=\"Migren\" data-tip=\"Migraine\">Migren\n            <\/a>\n\n          <\/li>   \n      <\/ul>\n    <\/div>\n\n\n    <div class=\"col-md-3 col-sm-6 same_height_col\">\n      <h5>P<\/h5>\n      <ul>\n          <li>\n          \n            <a  href=\"https:\/\/conciergebatumi.com\/tr\/terminology\/polycystic-ovary-syndrome\/\"  class=\"\" target=\"_blank\" title=\"Polikistik Over Sendromu\u00a0\" data-tip=\"Polycystic Ovary Syndrome\u00a0\">Polikistik Over Sendromu\u00a0\n            <\/a>\n\n          <\/li>   \n      <\/ul>\n    <\/div>\n\n\n    <div class=\"col-md-3 col-sm-6 same_height_col\">\n      <h5>W<\/h5>\n      <ul>\n          <li>\n          \n            <a  href=\"https:\/\/conciergebatumi.com\/tr\/terminology\/what-are-tooth-cavities\/\"  class=\"\" target=\"_blank\" title=\"Di\u015f \u00c7\u00fcr\u00fckleri Nelerdir?\" data-tip=\"What Are Tooth Cavities\">Di\u015f \u00c7\u00fcr\u00fckleri Nelerdir?\n            <\/a>\n\n          <\/li>   \n      <\/ul>\n    <\/div>\n\n  <\/div>\n<\/div>\n                <\/div>\n            <\/div>\n\t\t<\/div>\n<\/section>\n\n\n<section class=\"vc_row wpb_row vc_row-fluid\">\n\t\t<div class=\"row\">\n            <div class=\"wpb_column vc_column_container col-sm-12\">\n                <div class=\"wpb_wrapper\">\n\n\t<div class=\"wpb_text_column wpb_content_element\" >\n\t\t<div class=\"wpb_wrapper\">\n\t\t\t\n\t\t<\/div>\n\t<\/div>\n\n                <\/div>\n            <\/div>\n\t\t<\/div>\n<\/section>\n\n\n<section class=\"vc_row wpb_row vc_row-fluid\">\n\t\t<div class=\"row\">\n            <div class=\"wpb_column vc_column_container col-sm-12\">\n                <div class=\"wpb_wrapper\">\n\n\t<div class=\"wpb_text_column wpb_content_element\" >\n\t\t<div class=\"wpb_wrapper\">\n\t\t\t<h2><strong>Sa\u011fl\u0131k K\u00fct\u00fcphanesi AZ: Temel Sa\u011fl\u0131k G\u00f6r\u00fc\u015fleri<\/strong><\/h2>\n<h3>1. <strong>Alzheimer Hastal\u0131\u011f\u0131n\u0131 Anlamak: Erken Belirtiler ve \u00d6nleme<\/strong><\/h3>\n<ul>\n<li>Bu yaz\u0131da, Alzheimer hastal\u0131\u011f\u0131n\u0131n erken uyar\u0131 i\u015faretlerini, \u00f6nleme ipu\u00e7lar\u0131n\u0131 ve bak\u0131c\u0131lar\u0131n nas\u0131l destek sa\u011flayabilece\u011fini inceleyebilirsiniz. Riski azaltabilecek ya\u015fam tarz\u0131 de\u011fi\u015fiklikleri hakk\u0131nda fikir payla\u015f\u0131n ve mevcut tedavileri tart\u0131\u015f\u0131n.<\/li>\n<\/ul>\n<h3>2. <strong>D\u00fczenli Kardiyovask\u00fcler Kontrollerin \u00d6nemi: Kardiyomiyopatiden Ka\u00e7\u0131nmak<\/strong><\/h3>\n<ul>\n<li>Kardiyomiyopatinin ne oldu\u011funu, kalbi nas\u0131l etkiledi\u011fini ve d\u00fczenli kontrollerin neden \u00f6nemli oldu\u011funu a\u00e7\u0131klay\u0131n. Diyet, egzersiz ve semptomlar\u0131n izlenmesi yoluyla sa\u011fl\u0131kl\u0131 bir kalbi koruma konusunda rehberlik sa\u011flay\u0131n.<\/li>\n<\/ul>\n<h3>3. <strong>Ast\u0131mla Ba\u015fa \u00c7\u0131kmak: Daha \u0130yi Bir Ya\u015fam \u0130\u00e7in \u0130pu\u00e7lar\u0131<\/strong><\/h3>\n<ul>\n<li>Ast\u0131m tetikleyicilerini, yayg\u0131n yanl\u0131\u015f anlamalar\u0131 ve ast\u0131m hastalar\u0131 i\u00e7in pratik tavsiyeleri tart\u0131\u015f\u0131n. Hastalar\u0131n daha sa\u011fl\u0131kl\u0131 bir ya\u015fam s\u00fcrmelerine yard\u0131mc\u0131 olmak i\u00e7in ila\u00e7lar\u0131n, ya\u015fam tarz\u0131 de\u011fi\u015fikliklerinin ve tetikleyicilerden ka\u00e7\u0131nman\u0131n rol\u00fcn\u00fc vurgulay\u0131n.<\/li>\n<\/ul>\n<h3>4. <strong>S\u0131rt A\u011fr\u0131s\u0131: Nedenleri, \u00d6nlenmesi ve Tedavisi<\/strong><\/h3>\n<ul>\n<li>S\u0131rt a\u011fr\u0131s\u0131n\u0131n en yayg\u0131n nedenleri, \u00f6nleyici tedbirler ve fizik tedavi, a\u011fr\u0131 y\u00f6netimi ve t\u0131bbi yard\u0131m alma zaman\u0131 gibi mevcut tedavi se\u00e7enekleri hakk\u0131nda yaz\u0131n.<\/li>\n<\/ul>\n<h3>5. <strong>Grip Mevsimi: Kendinizi ve Ailenizi Nas\u0131l Korursunuz?<\/strong><\/h3>\n<ul>\n<li>Grip belirtilerini, \u00f6nleme ipu\u00e7lar\u0131n\u0131, a\u015f\u0131 \u00f6nemini ve grip mevsiminde nas\u0131l sa\u011fl\u0131kl\u0131 kal\u0131naca\u011f\u0131n\u0131 ayr\u0131nt\u0131lar\u0131yla anlatan bir g\u00f6nderi. Birisi gribe yakalan\u0131rsa ne yap\u0131lmas\u0131 gerekti\u011fi ve ne zaman doktora g\u00f6r\u00fcnmesi gerekti\u011fi konusunda tavsiyelerde bulunun.<\/li>\n<\/ul>\n<h3>6. <strong>Katarakt: Nas\u0131l Tespit Edilir, \u00d6nlenir ve Tedavi Edilir<\/strong><\/h3>\n<ul>\n<li>Okuyucular\u0131 katarakt hakk\u0131nda semptomlardan tedavi se\u00e7eneklerine kadar bilgilendirin. \u00d6nleyici tedbirleri ve iyi g\u00f6r\u00fc\u015f\u00fc korumak i\u00e7in d\u00fczenli g\u00f6z kontrollerinin \u00f6nemini tart\u0131\u015f\u0131n.<\/li>\n<\/ul>\n<h3>7. <strong>Stresin Sa\u00e7 D\u00f6k\u00fclmesine Etkisi ve Bununla Nas\u0131l Ba\u015fa \u00c7\u0131k\u0131l\u0131r<\/strong><\/h3>\n<ul>\n<li>Stres ve sa\u00e7 d\u00f6k\u00fclmesi aras\u0131ndaki ba\u011flant\u0131, yayg\u0131n nedenler ve stresi y\u00f6netmenin sa\u00e7 d\u00f6k\u00fclmesini azaltmaya nas\u0131l yard\u0131mc\u0131 olabilece\u011fi hakk\u0131nda konu\u015fun. Sa\u011fl\u0131kl\u0131 bir sa\u00e7 derisi ve sa\u00e7 bak\u0131m\u0131 rutinleri i\u00e7in ipu\u00e7lar\u0131 verin.<\/li>\n<\/ul>\n<h3>8. <strong>Grip ve So\u011fuk Alg\u0131nl\u0131\u011f\u0131: Her \u0130kisinin Ayr\u0131m\u0131 ve Tedavisi Nas\u0131l Yap\u0131l\u0131r?<\/strong><\/h3>\n<ul>\n<li>Grip ve so\u011fuk alg\u0131nl\u0131\u011f\u0131 aras\u0131nda detayl\u0131 bir kar\u015f\u0131la\u015ft\u0131rma yap\u0131n. Semptomlar\u0131, tedavileri ve bir sa\u011fl\u0131k kurulu\u015funu ziyaret etmenin ne zaman gerekli oldu\u011funu tart\u0131\u015f\u0131n.<\/li>\n<\/ul>\n<h3>9. <strong>Dehidratasyon: Susuz Kalmamak \u0130\u00e7in Ne Yap\u0131lmal\u0131 ve Neden \u00d6nemlidir<\/strong><\/h3>\n<ul>\n<li>Tehlikelerini a\u00e7\u0131klay\u0131n <a href=\"https:\/\/conciergebatumi.com\/tr\/terminoloji\/dehydration\/\">susuz kalma<\/a>, g\u00fcn boyunca susuz kalmamak i\u00e7in neler yap\u0131labilece\u011fi ve uygun su i\u00e7menin sa\u011fl\u0131k yararlar\u0131. Belirtileri i\u00e7erir <a href=\"https:\/\/www.mayoclinic.org\/diseases-conditions\/dehydration\/symptoms-causes\/syc-20354086\" target=\"_blank\" rel=\"noopener\">susuz kalma<\/a> ve s\u0131v\u0131 al\u0131m\u0131na ili\u015fkin pratik tavsiyeler.<\/li>\n<\/ul>\n<h3>10. <strong>Eklem A\u011fr\u0131s\u0131n\u0131 ve G\u00fcnl\u00fck Ya\u015fam \u00dczerindeki Etkisini Anlamak<\/strong><\/h3>\n<ul>\n<li>Eklem a\u011fr\u0131s\u0131n\u0131n nedenlerini, hareketlili\u011fi nas\u0131l etkiledi\u011fini ve tedavi se\u00e7eneklerini ele al\u0131n. Fizik tedaviden cerrahi se\u00e7eneklere kadar hem muhafazakar hem de t\u0131bbi m\u00fcdahaleleri tart\u0131\u015f\u0131n.<\/li>\n<\/ul>\n<p>Bu konulardan biri hakk\u0131nda daha spesifik bir blog yaz\u0131s\u0131 geli\u015ftirmenize yard\u0131mc\u0131 olmam\u0131 ister misiniz?<\/p>\n\n\t\t<\/div>\n\t<\/div>\n\n                <\/div>\n            <\/div>\n\t\t<\/div>\n<\/section>\n<\/div>","protected":false},"excerpt":{"rendered":"What Are Tooth Cavities? Tooth cavities, also known as dental caries or tooth decay, are holes or openings in the teeth that form due to the breakdown of tooth enamel caused by bacteria and acids. These tiny holes can lead to significant damage if left untreated, causing pain, infection, and even tooth loss in severe [...]","protected":false},"author":1,"featured_media":286,"parent":0,"menu_order":0,"comment_status":"closed","ping_status":"closed","template":"","meta":{"footnotes":""},"class_list":["post-284","page","type-page","status-publish","has-post-thumbnail","hentry"],"_links":{"self":[{"href":"https:\/\/conciergebatumi.com\/tr\/wp-json\/wp\/v2\/pages\/284","targetHints":{"allow":["GET"]}}],"collection":[{"href":"https:\/\/conciergebatumi.com\/tr\/wp-json\/wp\/v2\/pages"}],"about":[{"href":"https:\/\/conciergebatumi.com\/tr\/wp-json\/wp\/v2\/types\/page"}],"author":[{"embeddable":true,"href":"https:\/\/conciergebatumi.com\/tr\/wp-json\/wp\/v2\/users\/1"}],"replies":[{"embeddable":true,"href":"https:\/\/conciergebatumi.com\/tr\/wp-json\/wp\/v2\/comments?post=284"}],"version-history":[{"count":0,"href":"https:\/\/conciergebatumi.com\/tr\/wp-json\/wp\/v2\/pages\/284\/revisions"}],"wp:featuredmedia":[{"embeddable":true,"href":"https:\/\/conciergebatumi.com\/tr\/wp-json\/wp\/v2\/media\/286"}],"wp:attachment":[{"href":"https:\/\/conciergebatumi.com\/tr\/wp-json\/wp\/v2\/media?parent=284"}],"curies":[{"name":"wp","href":"https:\/\/api.w.org\/{rel}","templated":true}]}}