{"id":561,"date":"2015-10-22T07:10:59","date_gmt":"2015-10-22T07:10:59","guid":{"rendered":"http:\/\/plethorathemes.com\/healthx\/?page_id=561"},"modified":"2025-03-24T22:50:16","modified_gmt":"2025-03-24T18:50:16","slug":"sss","status":"publish","type":"page","link":"https:\/\/conciergebatumi.com\/tr\/faq\/","title":{"rendered":"SSS"},"content":{"rendered":"<div class=\"wpb-content-wrapper\">\n<section class=\"vc_row wpb_row vc_row-fluid\">\n\t\t<div class=\"row\">\n            <div class=\"wpb_column vc_column_container col-sm-12 margin_bottom_grid\">\n                <div class=\"wpb_wrapper\">\n<div class=\"vc_empty_space\"   style=\"height: 32px\"><span class=\"vc_empty_space_inner\"><\/span><\/div><div id=\"1447064341323-f6ee47d8-32bf\" class=\"vc_do_toggle vc_toggle vc_toggle_default vc_toggle_color_default  vc_toggle_size_md vc_toggle_active\"><div class=\"vc_toggle_title\"><h4>SSS nedir?<\/h4><i class=\"vc_toggle_icon\"><\/i><\/div><div class=\"vc_toggle_content\"><h4>SSS, &quot;S\u0131k\u00e7a Sorulan Sorular&quot; anlam\u0131na gelir. Kullan\u0131c\u0131lar\u0131n bilgiye h\u0131zl\u0131 ve kolay bir \u015fekilde ula\u015fmalar\u0131na yard\u0131mc\u0131 olmak i\u00e7in s\u0131k sorulan sorular\u0131n ve cevaplar\u0131n\u0131n sa\u011fland\u0131\u011f\u0131 bir b\u00f6l\u00fcmd\u00fcr.<\/h4>\n<\/div><\/div><div id=\"1447064412741-3e356338-032d\" class=\"vc_do_toggle vc_toggle vc_toggle_default vc_toggle_color_default  vc_toggle_size_md\"><div class=\"vc_toggle_title\"><h4>Ne t\u00fcr hizmetler veriyorsunuz?<\/h4><i class=\"vc_toggle_icon\"><\/i><\/div><div class=\"vc_toggle_content\"><p>Concierge Clinic&#039;te, t\u00fcm ihtiya\u00e7lar\u0131n\u0131z\u0131 kar\u015f\u0131lamak i\u00e7in ki\u015fiselle\u015ftirilmi\u015f sa\u011fl\u0131k hizmetlerinin tam bir yelpazesini sunuyoruz. \u0130ster t\u0131bbi bir kons\u00fcltasyon, ister temel laboratuvar \u00e7al\u0131\u015fmas\u0131 veya k\u00fc\u00e7\u00fck prosed\u00fcrler ar\u0131yor olun, konforunuzu ve iyili\u011finizi sa\u011flamak i\u00e7in buraday\u0131z. Uzman ekibimiz, enjeksiyonlar, inf\u00fczyonlar, yara bak\u0131m\u0131 ve pansuman de\u011fi\u015fiklikleri dahil olmak \u00fczere \u00e7e\u015fitli uygulamal\u0131 tedavileri titizlikle ayr\u0131nt\u0131lara dikkat ederek ger\u00e7ekle\u015ftirir. Ayr\u0131ca \u015funlar\u0131 da sunuyoruz: <a href=\"https:\/\/www.radiologyinfo.org\/en\/test-treatment\" target=\"_blank\" rel=\"noopener\">ultrason hizmetleri<\/a> Sa\u011fl\u0131\u011f\u0131n\u0131z hakk\u0131nda do\u011fru ve ger\u00e7ek zamanl\u0131 bilgiler sa\u011flamak.<\/p>\n<p>MRI veya cerrahi m\u00fcdahaleler gibi daha ileri ihtiya\u00e7lar i\u00e7in, en \u00fcst d\u00fczeyde bak\u0131m ald\u0131\u011f\u0131n\u0131zdan emin olmak i\u00e7in g\u00fcvenilir ortak tesislerimizle i\u015f birli\u011fi yap\u0131yoruz. Concierge Clinic&#039;te, her ad\u0131mda kusursuz, kaliteli bak\u0131m sa\u011flamaya odaklan\u0131yoruz; \u00e7\u00fcnk\u00fc sa\u011fl\u0131\u011f\u0131n\u0131z bundan daha az\u0131n\u0131 hak etmiyor!<\/p>\n<\/div><\/div><div  class=\"vc_do_toggle vc_toggle vc_toggle_default vc_toggle_color_default  vc_toggle_size_md\"><div class=\"vc_toggle_title\"><h4>Randevu nas\u0131l alabilirim?<\/h4><i class=\"vc_toggle_icon\"><\/i><\/div><div class=\"vc_toggle_content\"><p>Concierge Clinic&#039;te randevu almak zahmetsiz! \u0130ster tek bir arama, ister e-posta, hatta WhatsApp veya Telegram&#039;da bir mesaj olsun, sizin i\u00e7in kolayla\u015ft\u0131r\u0131yoruz. Sadece bize ihtiyac\u0131n\u0131z olan uzman\u0131 ve ad\u0131n\u0131z\u0131 bildirin, sizin i\u00e7in m\u00fckemmel \u015fekilde uygun bir zaman ayarlayal\u0131m <a href=\"https:\/\/conciergebatumi.com\/tr\/find-your-doctor\/\">uzman kons\u00fcltasyonu<\/a>S\u0131rada bekleme yok - randevu saatiniz yaln\u0131zca sizin i\u00e7in ayr\u0131lm\u0131\u015f olup, h\u0131zl\u0131 ve ki\u015fiselle\u015ftirilmi\u015f bak\u0131m sa\u011flar. Zaman\u0131n\u0131za sa\u011fl\u0131\u011f\u0131n\u0131z kadar de\u011fer veriyoruz!<\/p>\n<\/div><\/div><div id=\"1447064451796-0645cbf1-8947\" class=\"vc_do_toggle vc_toggle vc_toggle_default vc_toggle_color_default  vc_toggle_size_md\"><div class=\"vc_toggle_title\"><h4>Bir uzmana g\u00f6r\u00fcnmek i\u00e7in sevk almam gerekir mi?<\/h4><i class=\"vc_toggle_icon\"><\/i><\/div><div class=\"vc_toggle_content\"><p>Concierge Clinic&#039;te, tek bir \u00e7at\u0131 alt\u0131nda kapsaml\u0131 bir uzman yelpazesi sunmaktan gurur duyuyoruz. Genel bak\u0131mdan \u00f6zel tedavilere kadar, ihtiyac\u0131n\u0131z olan t\u00fcm profesyoneller ekibimizin bir par\u00e7as\u0131d\u0131r. Klini\u011fimizde tan\u0131\u015ft\u0131\u011f\u0131n\u0131z doktorlar deneyimli ve \u00f6zverilidir ve ihtiya\u00e7lar\u0131n\u0131za g\u00f6re uyarlanm\u0131\u015f ola\u011fan\u00fcst\u00fc bak\u0131m sa\u011flarlar. Sevk gerekmez - sadece gelin ve hak etti\u011finiz uzman ilgisini alman\u0131z\u0131 sa\u011flayal\u0131m.<\/p>\n<\/div><\/div><div  class=\"vc_do_toggle vc_toggle vc_toggle_default vc_toggle_color_default  vc_toggle_size_md\"><div class=\"vc_toggle_title\"><h4>Doktor ve hem\u015firelerin ev ziyaretleri yap\u0131yor musunuz?<\/h4><i class=\"vc_toggle_icon\"><\/i><\/div><div class=\"vc_toggle_content\"><p>Evet, sunuyoruz <a href=\"https:\/\/conciergebatumi.com\/tr\/services\/home-visits\/\">ev ziyaretleri<\/a> Deneyimli doktorlar\u0131m\u0131z ve hem\u015firelerimizden. \u0130ster bir kons\u00fcltasyon, ister k\u00fc\u00e7\u00fck prosed\u00fcrler veya laboratuvar \u00e7al\u0131\u015fmalar\u0131 olsun, kaliteli bak\u0131m\u0131 do\u011frudan kap\u0131n\u0131za getiriyoruz. Ekibimiz, t\u0131bbi kons\u00fcltasyonlar, k\u00fc\u00e7\u00fck manip\u00fclasyonlar ve gerekli testler dahil olmak \u00fczere \u00e7e\u015fitli hizmetleri evinizin konforunda ger\u00e7ekle\u015ftirmek i\u00e7in donan\u0131ml\u0131d\u0131r. Klini\u011fimizdekiyle ayn\u0131 d\u00fczeyde profesyonellik ve ayr\u0131nt\u0131lara dikkat sa\u011fl\u0131yoruz, b\u00f6ylece iyi ellerde oldu\u011funuzu bilerek rahatlayabilirsiniz.<\/p>\n<\/div><\/div><div id=\"1447064507869-5e4ee3bd-a327\" class=\"vc_do_toggle vc_toggle vc_toggle_default vc_toggle_color_default  vc_toggle_size_md\"><div class=\"vc_toggle_title\"><h4>Klini\u011finizde G\u00f6r\u00fcnt\u00fcleme (r\u00f6ntgen, ultrasonografi, bilgisayarl\u0131 tomografi) bulunuyor mu?<\/h4><i class=\"vc_toggle_icon\"><\/i><\/div><div class=\"vc_toggle_content\"><p>Evet, yerinde ultrasonografi hizmetleri sa\u011fl\u0131yoruz. R\u00f6ntgen, MRI ve di\u011fer geli\u015fmi\u015f g\u00f6r\u00fcnt\u00fclemeler i\u00e7in, sorunsuz planlamay\u0131 garantilemek i\u00e7in g\u00fcvenilir ortak doktorlar\u0131m\u0131zla \u00e7al\u0131\u015f\u0131yoruz; randevu saatiniz yaln\u0131zca sizin i\u00e7in ayr\u0131lm\u0131\u015ft\u0131r ve beklemeniz gerekmez. Rahatl\u0131\u011f\u0131n\u0131z\u0131 \u00f6n planda tutuyoruz ve tam olarak ihtiyac\u0131n\u0131z oldu\u011funda en iyi bak\u0131m\u0131 ald\u0131\u011f\u0131n\u0131zdan emin oluyoruz.<\/p>\n<\/div><\/div><div id=\"1447064555113-315c72fb-176e\" class=\"vc_do_toggle vc_toggle vc_toggle_default vc_toggle_color_default  vc_toggle_size_md\"><div class=\"vc_toggle_title\"><h4>Klini\u011finizde \u00e7ocuk muayenesi yap\u0131yor musunuz?<\/h4><i class=\"vc_toggle_icon\"><\/i><\/div><div class=\"vc_toggle_content\"><p>Evet, ihtiya\u00e7 duydu\u011funuzda bir \u00c7ocuk Doktoru mevcuttur. Sadece sizin i\u00e7in \u00f6zel zaman ay\u0131rd\u0131\u011f\u0131m\u0131zdan emin olmak i\u00e7in, kesin randevu program\u0131n\u0131z\u0131 onaylamak i\u00e7in 30 dakika \u00f6nceden bizimle ileti\u015fime ge\u00e7menizi \u00f6neririz.<\/p>\n<\/div><\/div><div id=\"1447065558213-dca24fc1-47a1\" class=\"vc_do_toggle vc_toggle vc_toggle_default vc_toggle_color_default  vc_toggle_size_md\"><div class=\"vc_toggle_title\"><h4>Kas i\u00e7i veya damar i\u00e7i enjeksiyona ihtiyac\u0131m olursa ne olur?<\/h4><i class=\"vc_toggle_icon\"><\/i><\/div><div class=\"vc_toggle_content\"><p>Baz\u0131 vakalar h\u0131zl\u0131 ve tam iyile\u015fme i\u00e7in enjeksiyon gerektirir. Bunlara antibiyotikler, anti-inflamatuarlar, lokal anestezi veya steroidler dahil olabilir.<br \/>\nSteroid ve lokal anestezi enjeksiyonlar\u0131 Doktorlar taraf\u0131ndan, antiinflamatuarlar\/antibiyotikler ise deneyimli bir hem\u015fire taraf\u0131ndan g\u00f6zetimimiz alt\u0131nda uygulanmaktad\u0131r.<\/p>\n<\/div><\/div><div id=\"1447065583979-54e0b9c1-ae47\" class=\"vc_do_toggle vc_toggle vc_toggle_default vc_toggle_color_default  vc_toggle_size_md\"><div class=\"vc_toggle_title\"><h4>Randevuma ne getirmeliyim?<\/h4><i class=\"vc_toggle_icon\"><\/i><\/div><div class=\"vc_toggle_content\"><p>T\u0131bbi hizmet almak i\u00e7in pasaport veya herhangi bir ki\u015fisel kimlik belgesi yeterlidir. Uluslararas\u0131 sigortan\u0131z varsa, hizmetleriniz i\u00e7in do\u011frudan faturaland\u0131rma olas\u0131l\u0131\u011f\u0131n\u0131 kontrol etmek i\u00e7in yan\u0131n\u0131zda getirmenizi \u00f6neririz.<\/p>\n<\/div><\/div><div id=\"1447065607650-fbb48814-35d7\" class=\"vc_do_toggle vc_toggle vc_toggle_default vc_toggle_color_default  vc_toggle_size_md\"><div class=\"vc_toggle_title\"><h4>Randevumu nas\u0131l iptal edebilir veya yeniden planlayabilirim?<\/h4><i class=\"vc_toggle_icon\"><\/i><\/div><div class=\"vc_toggle_content\"><p>\u0130ptal etmek veya yeniden planlamak basittir! Sadece bizi aray\u0131n, bir WhatsApp mesaj\u0131 g\u00f6nderin veya randevunuzdan en az 2 saat \u00f6nce bize e-posta g\u00f6nderin, gerisini biz hallederiz. Sizin rahat\u0131n\u0131z bizim \u00f6nceli\u011fimizdir ve her ad\u0131mda size yard\u0131mc\u0131 olmak i\u00e7in buraday\u0131z.<\/p>\n<\/div><\/div><div id=\"1447065710387-d413605d-104e\" class=\"vc_do_toggle vc_toggle vc_toggle_default vc_toggle_color_default  vc_toggle_size_md\"><div class=\"vc_toggle_title\"><h4>Otopark imk\u00e2n\u0131n\u0131z var m\u0131?<\/h4><i class=\"vc_toggle_icon\"><\/i><\/div><div class=\"vc_toggle_content\"><p>Evet.<\/p>\n<p>T\u0131bbi Merkezimizin \u00f6n\u00fc ve \u00e7evresinde \u00fccretsiz otopark mevcuttur.<\/p>\n<\/div><\/div><div  class=\"vc_do_toggle vc_toggle vc_toggle_default vc_toggle_color_default  vc_toggle_size_md\"><div class=\"vc_toggle_title\"><h4>Otopark imk\u00e2n\u0131n\u0131z var m\u0131?<\/h4><i class=\"vc_toggle_icon\"><\/i><\/div><div class=\"vc_toggle_content\"><div class=\"timetable\">\n<table class=\"timetable_hours\" style=\"height: 219px;\" width=\"396\">\n<tbody>\n<tr>\n<td>PAZARTES\u0130<\/td>\n<td>09:00-18:00<\/td>\n<\/tr>\n<tr>\n<td>SALI<\/td>\n<td>09:00-18:00<\/td>\n<\/tr>\n<tr>\n<td>\u00c7AR\u015eAMBA<\/td>\n<td>09:00-18:00<\/td>\n<\/tr>\n<tr>\n<td>PER\u015eEMBE<\/td>\n<td>09:00-18:00<\/td>\n<\/tr>\n<tr>\n<td>CUMA<\/td>\n<td>09:00-18:00<\/td>\n<\/tr>\n<tr>\n<td>CUMARTES\u0130<\/td>\n<td>09:00-18:00<\/td>\n<\/tr>\n<tr>\n<td>PAZAR<\/td>\n<td>09:00-18:00<\/td>\n<\/tr>\n<\/tbody>\n<\/table>\n<div class=\"on-call-notice\" style=\"color: #374260; font-weight: bold; margin-top: 20px;\">MESA\u0130 DI\u015eI SAATLERDE TIP YARDIMA \u0130HT\u0130YACINIZ OLURSA B\u0130Z\u0130 DESTEK HATTIMIZDAN ARAYIN: +995593501444<\/div>\n<\/div>\n<\/div><\/div><div  class=\"vc_do_toggle vc_toggle vc_toggle_default vc_toggle_color_default  vc_toggle_size_md\"><div class=\"vc_toggle_title\"><h4>Acil bak\u0131ma ihtiyac\u0131m olursa ne yapmal\u0131y\u0131m?<\/h4><i class=\"vc_toggle_icon\"><\/i><\/div><div class=\"vc_toggle_content\"><div class=\"timetable\">\n<p>Acil bak\u0131ma ihtiyac\u0131n\u0131z varsa l\u00fctfen derhal 112 numaral\u0131 h\u00fck\u00fcmet acil durum yard\u0131m hatt\u0131n\u0131 aray\u0131n. Uluslararas\u0131 sigortan\u0131z varsa ve bunu bak\u0131m\u0131n\u0131za dahil etmek istiyorsan\u0131z, Concierge&#039;\u0131 da bilgilendirmenizi \u00f6neririz, b\u00f6ylece gerekli d\u00fczenlemelerde yard\u0131mc\u0131 olabilir ve s\u00fcre\u00e7 boyunca sizi destekleyebiliriz. Sa\u011fl\u0131\u011f\u0131n\u0131z ve g\u00fcvenli\u011finiz bizim en b\u00fcy\u00fck \u00f6nceli\u011fimizdir.<\/p>\n<\/div>\n<\/div><\/div><div id=\"1447065636406-978b4ed0-e711\" class=\"vc_do_toggle vc_toggle vc_toggle_default vc_toggle_color_default  vc_toggle_size_md\"><div class=\"vc_toggle_title\"><h4>Uluslararas\u0131 sigorta kabul ediyor musunuz?<\/h4><i class=\"vc_toggle_icon\"><\/i><\/div><div class=\"vc_toggle_content\"><p><strong>Sigortam\u0131 kabul ediyor musunuz?<\/strong><\/p>\n<p>T\u0131bbi Merkezimiz uluslararas\u0131 alanda tan\u0131nm\u0131\u015f ve anla\u015fmal\u0131 sigorta \u015firketlerinin \u00e7o\u011funu kabul etmektedir.<\/p>\n<p>E\u011fer bu sizin durumunuz de\u011filse veya sigortan\u0131z yoksa, kons\u00fcltasyonun sonunda faturay\u0131 nakit veya kredi kart\u0131yla \u00f6demeniz beklenir. Orijinal makbuz, kredi kart\u0131 faturas\u0131n\u0131n imzal\u0131 kopyas\u0131, \u0130ngilizce t\u0131bbi rapor ve yap\u0131lan testlerin sonu\u00e7lar\u0131, geri \u00f6deme i\u00e7in \u00f6zel veya devlet sigortan\u0131za teslim edilmek \u00fczere size verilir.<\/p>\n<p>Talep \u00fczerine dan\u0131\u015fmanl\u0131k \u00fccreti ve masraflar\u0131, tetkikler veya ameliyat hakk\u0131nda bir tahminde bulunulabilir.<\/p>\n<p><strong>Y\u00f6nlendirmeye ihtiyac\u0131m var m\u0131?<\/strong><\/p>\n<p>Ba\u011fl\u0131 bir kurulu\u015fta \u00f6zel sigortan\u0131z varsa, sevk sigorta \u015firketinizden bize e-posta yoluyla g\u00f6nderilebilir. Ofislerimize gelmeden \u00f6nce bu sevk belgesini almak i\u00e7in sigortan\u0131zla ileti\u015fime ge\u00e7menizi \u00f6neririz.<\/p>\n<p>E\u011fer sigortan\u0131z yoksa, T\u0131bbi Merkezimize gelmekten \u00e7ekinmeyin. Faturalama prosed\u00fcr\u00fc yukar\u0131da a\u00e7\u0131kland\u0131\u011f\u0131 gibidir.<\/p>\n<\/div><\/div><div  class=\"vc_do_toggle vc_toggle vc_toggle_default vc_toggle_color_default  vc_toggle_size_md\"><div class=\"vc_toggle_title\"><h4>Hizmetler i\u00e7in nas\u0131l \u00f6deme yapar\u0131m?<\/h4><i class=\"vc_toggle_icon\"><\/i><\/div><div class=\"vc_toggle_content\"><p>Tercihinize ve kapsam\u0131n\u0131za ba\u011fl\u0131 olarak, kredi kart\u0131, nakit veya uluslararas\u0131 sigortan\u0131z arac\u0131l\u0131\u011f\u0131yla hizmetler i\u00e7in kolayca \u00f6deme yapabilirsiniz. Sigorta kullanmay\u0131 se\u00e7erseniz, geri \u00f6deme i\u00e7in gerekli belgeler konusunda size yard\u0131mc\u0131 olaca\u011f\u0131z. \u00d6deme s\u00fcrecini sizin i\u00e7in olabildi\u011fince sorunsuz ve basit hale getirmeyi hedefliyoruz.<\/p>\n<\/div><\/div><div  class=\"vc_do_toggle vc_toggle vc_toggle_default vc_toggle_color_default  vc_toggle_size_md\"><div class=\"vc_toggle_title\"><h4>**Concierge Medical Center&#039;da Tam ve Ki\u015fiselle\u015ftirilmi\u015f Bak\u0131m**<\/h4><i class=\"vc_toggle_icon\"><\/i><\/div><div class=\"vc_toggle_content\"><p>Concierge Medical Center, kapsaml\u0131 bir hizmet yelpazesi sunmaya kendini adam\u0131\u015ft\u0131r <strong>ki\u015fiselle\u015ftirilmi\u015f sa\u011fl\u0131k hizmetleri<\/strong> her hastan\u0131n \u00f6zel ihtiya\u00e7lar\u0131n\u0131 kar\u015f\u0131lamak \u00fczere tasarlanm\u0131\u015ft\u0131r. Sa\u011fl\u0131k hizmetlerinin tek tip bir yakla\u015f\u0131m olmad\u0131\u011f\u0131n\u0131 anl\u0131yoruz, bu nedenle \u00f6zverili profesyonellerden olu\u015fan ekibimiz her kons\u00fcltasyonu ve tedavi plan\u0131n\u0131 bireye g\u00f6re uyarlamak i\u00e7in yorulmadan \u00e7al\u0131\u015fmaktad\u0131r. <strong>t\u0131bbi kons\u00fcltasyonlar<\/strong> kapsaml\u0131d\u0131r, yaln\u0131zca semptomlara de\u011fil, sa\u011fl\u0131k sorunlar\u0131n\u0131n temel nedenlerine odaklan\u0131r. Rutin bir kontrole ihtiyac\u0131n\u0131z olsun veya daha karma\u015f\u0131k sa\u011fl\u0131k sorunlar\u0131n\u0131z olsun, doktor ve uzmanlardan olu\u015fan ekibimiz en y\u00fcksek standartta bak\u0131m ald\u0131\u011f\u0131n\u0131zdan emin olur.<\/p>\n<p>Dan\u0131\u015fmanl\u0131klara ek olarak \u00e7e\u015fitli hizmetler sunuyoruz <strong>laboratuvar \u00e7al\u0131\u015fmas\u0131<\/strong> temel kan testlerinden daha geli\u015fmi\u015f te\u015fhislere kadar \u00e7ok \u00e7e\u015fitli durumlar\u0131 te\u015fhis etmek ve izlemek i\u00e7in. Ayr\u0131ca bir dizi <strong>tan\u0131sal g\u00f6r\u00fcnt\u00fcleme hizmetleri<\/strong>, i\u00e7ermek <strong>MR<\/strong>, <strong>ultrason<\/strong>, <strong>X-\u0131\u015f\u0131nlar\u0131<\/strong>, Ve <strong>BT taramalar\u0131<\/strong>, sa\u011fl\u0131\u011f\u0131n\u0131zla ilgili bilin\u00e7li kararlar\u0131 destekleyen do\u011fru sonu\u00e7lar\u0131 garanti eder. Bu geli\u015fmi\u015f teknolojiler, doktorlar\u0131m\u0131z\u0131n i\u00e7 ko\u015fullar\u0131n\u0131z\u0131 net bir \u015fekilde g\u00f6rmesini sa\u011flayarak, kesin te\u015fhis sonu\u00e7lar\u0131na dayal\u0131 en etkili tedavi se\u00e7eneklerini alman\u0131z\u0131 sa\u011flar.<\/p>\n<p>Acil veya ayakta tedavi ihtiyac\u0131 olanlar i\u00e7in, <strong>k\u00fc\u00e7\u00fck prosed\u00fcrler<\/strong> g\u00fcvenli, rahat bir ortamda. \u0130ster bir <strong>enjeksiyon<\/strong>, B\u0130R <strong>inf\u00fczyon<\/strong>veya di\u011fer k\u00fc\u00e7\u00fck tedaviler i\u00e7in, uzun hastane ziyaretlerine gerek kalmadan h\u0131zl\u0131 rahatlama sa\u011flamaya \u00e7al\u0131\u015f\u0131yoruz. Ayr\u0131ca, t\u0131bbi ekibimiz bu konuda olduk\u00e7a deneyimlidir. <strong>yara bak\u0131m\u0131<\/strong> Ve <strong>giyinme de\u011fi\u015fiklikleri<\/strong>K\u00fc\u00e7\u00fck kesiklerden daha ciddi yaralara kadar t\u00fcm yaralanmalar\u0131n uygun \u015fekilde tedavi edilmesini ve optimum iyile\u015fme i\u00e7in izlenmesini sa\u011flar.<\/p>\n<p>Concierge Medical Center&#039;da, sa\u011fl\u0131k ihtiya\u00e7lar\u0131n\u0131n s\u0131kl\u0131kla \u00f6zel ilgi gerektirebilece\u011fini anl\u0131yoruz. Bu nedenle, uzman <strong>uzman dan\u0131\u015fmanl\u0131klar\u0131<\/strong> geni\u015f bir yelpazedeki alanlarda, sa\u011fl\u0131\u011f\u0131n\u0131z\u0131n t\u00fcm y\u00f6nlerinin uygun profesyonel taraf\u0131ndan ele al\u0131nmas\u0131n\u0131 sa\u011flayarak. \u0130htiyac\u0131n\u0131z olsun veya olmas\u0131n <strong>kardiyolog<\/strong>, <strong>dermatolog<\/strong>, <strong>n\u00f6rolog<\/strong>, veya ba\u015fka bir uzman, ekibimiz sizi do\u011fru doktora ba\u011flayabilir. Ayr\u0131ca, eri\u015fim sa\u011fl\u0131yoruz <strong>\u00e7ocuk doktorlar\u0131<\/strong> \u00c7ocuklar\u0131n sa\u011fl\u0131k ihtiya\u00e7lar\u0131na y\u00f6nelik, \u00e7ocuk dostu bir ortamda \u015fefkatli bak\u0131m sunuyoruz.<\/p>\n<p>Zaman k\u0131s\u0131tlamalar\u0131, sa\u011fl\u0131k sorunlar\u0131 veya di\u011fer nedenlerle klini\u011fimizi ziyaret edemeyenler i\u00e7in, <strong>ev ziyaretleri<\/strong> evinizin konforunu terk etmeden y\u00fcksek kaliteli bak\u0131m almaya devam etmenizi sa\u011flamak i\u00e7in. Rutin bir kontrole veya acil bak\u0131ma ihtiyac\u0131n\u0131z olsun, doktorlar\u0131m\u0131z ve <strong>hem\u015fireler<\/strong> t\u0131bbi hizmetleri size getirecektir. Bu \u00f6zellikle ya\u015fl\u0131 hastalar, ameliyattan yeni \u00e7\u0131kanlar veya hareket kabiliyeti k\u0131s\u0131tl\u0131 ki\u015filer i\u00e7in faydal\u0131d\u0131r.<\/p>\n<p>Do\u011fru zamanda do\u011fru tedaviyi alabilmenizi sa\u011flamak i\u00e7in ayr\u0131ca tam bir yelpazede hizmet sunuyoruz <strong>enjeksiyonlar<\/strong>, i\u00e7ermek <strong>kas i\u00e7i<\/strong> Ve <strong>intraven\u00f6z enjeksiyonlar<\/strong>, hem \u00f6nleyici hem de tedavi edici ama\u00e7lar i\u00e7in. Bu enjeksiyonlar, konforunuzu ve g\u00fcvenli\u011finizi \u00f6n planda tutan e\u011fitimli t\u0131p uzmanlar\u0131 taraf\u0131ndan yap\u0131l\u0131r ve t\u00fcm prosed\u00fcrlerin en y\u00fcksek bak\u0131m standartlar\u0131yla ger\u00e7ekle\u015ftirilmesini sa\u011flar.<\/p>\n<p>Hem yerel sakinlere hem de uluslararas\u0131 ziyaret\u00e7ilere hizmet veren bir klinik olarak gururla kabul ediyoruz <strong>uluslararas\u0131 sigorta<\/strong>, hizmetlerimizin seyahat edenler, gurbet\u00e7iler ve yurtd\u0131\u015f\u0131ndayken y\u00fcksek kaliteli sa\u011fl\u0131k hizmeti arayan herkes i\u00e7in eri\u015filebilir olmas\u0131n\u0131 sa\u011fl\u0131yoruz. Sigortayla u\u011fra\u015fman\u0131n bazen karma\u015f\u0131k olabilece\u011fini anl\u0131yoruz, bu nedenle ekibimiz talepler ve faturaland\u0131rma i\u00e7in sorunsuz, zahmetsiz bir s\u00fcre\u00e7 sa\u011flamak i\u00e7in sizinle birlikte \u00e7al\u0131\u015f\u0131r.<\/p>\n<p>Rahat\u0131n\u0131z i\u00e7in klini\u011fimiz a\u015fa\u011f\u0131dakilerle donat\u0131lm\u0131\u015ft\u0131r: <strong>park olanaklar\u0131<\/strong>, b\u00f6ylece ziyaret etti\u011finizde yer bulma konusunda endi\u015felenmenize gerek kalmaz. Zaman\u0131n\u0131z\u0131n de\u011ferli oldu\u011funu biliyoruz, bu nedenle konumumuzu t\u00fcm ziyaret\u00e7ileri a\u011f\u0131rlayacak kadar geni\u015f bir park alan\u0131na sahip, eri\u015fimi kolay bir yer haline getirdik. Ayr\u0131ca klini\u011fimiz <strong>esnek klinik saatleri<\/strong>Ak\u015fam ve hafta sonu m\u00fcsaitli\u011fi de dahil olmak \u00fczere, ihtiyac\u0131n\u0131z olan bak\u0131m\u0131 sizin i\u00e7in en uygun zamanda alabilmenizi sa\u011flamak i\u00e7in \u00e7al\u0131\u015f\u0131yoruz.<\/p>\n<p>Son olarak, bizim <strong>7\/24 yard\u0131m hatt\u0131<\/strong> Acil sorular\u0131n\u0131z veya endi\u015feleriniz i\u00e7in hizmetinizdeyiz. Semptomlar hakk\u0131nda tavsiyeye, randevu planlama konusunda yard\u0131ma veya hizmetlerimiz hakk\u0131nda sorular\u0131n\u0131za ihtiyac\u0131n\u0131z olsun, yard\u0131m hatt\u0131m\u0131z ekibimize g\u00fcn\u00fcn her saati eri\u015fim sa\u011flar. Sa\u011fl\u0131\u011f\u0131n\u0131z s\u00f6z konusu oldu\u011funda asla yaln\u0131z hissetmemenizi sa\u011flamaya ve yard\u0131m\u0131n her zaman bir telefon uza\u011f\u0131n\u0131zda olmas\u0131n\u0131 sa\u011flamaya kararl\u0131y\u0131z.<\/p>\n<p>Concierge Medical Center&#039;da misyonumuz, \u015fefkat, verimlilik ve profesyonellikle d\u00fcnya standartlar\u0131nda t\u0131bbi bak\u0131m sa\u011flamakt\u0131r. \u0130lk kons\u00fcltasyonlardan ileri te\u015fhis prosed\u00fcrlerine, k\u00fc\u00e7\u00fck tedavilere ve acil bak\u0131ma kadar, sa\u011fl\u0131\u011f\u0131n\u0131z\u0131n m\u00fcmk\u00fcn olan en iyi ellerde oldu\u011fundan emin olmaya adad\u0131k kendimizi. Hasta merkezli yakla\u015f\u0131m\u0131m\u0131z, \u00e7ok dilli deste\u011fimiz ve son teknoloji tesislerimizle sa\u011fl\u0131k hizmetini basit, eri\u015filebilir ve ihtiya\u00e7lar\u0131n\u0131za g\u00f6re uyarlanm\u0131\u015f hale getiriyoruz. Sa\u011fl\u0131\u011f\u0131n\u0131z bizim \u00f6nceli\u011fimizdir ve her ad\u0131mda sizi desteklemek i\u00e7in buraday\u0131z.<\/p>\n<\/div><\/div><div class=\"vc_empty_space\"   style=\"height: 32px\"><span class=\"vc_empty_space_inner\"><\/span><\/div>\n\t<div class=\"wpb_text_column wpb_content_element\" >\n\t\t<div class=\"wpb_wrapper\">\n\t\t\t<h4 data-start=\"65\" data-end=\"110\"><strong data-start=\"65\" data-end=\"110\">Hala Sorular\u0131n\u0131z m\u0131 Var? Yard\u0131m Etmek \u0130\u00e7in Buraday\u0131z!<\/strong><\/h4>\n<p data-start=\"112\" data-end=\"568\">\u00a0Hala sorular\u0131n\u0131z varsa veya daha fazla a\u00e7\u0131klamaya ihtiyac\u0131n\u0131z varsa ekibimize ula\u015fmaktan \u00e7ekinmeyin. Yolun her ad\u0131m\u0131nda size rehberlik etmek i\u00e7in buraday\u0131z.<\/p>\n<p data-start=\"570\" data-end=\"591\"><strong data-start=\"570\" data-end=\"591\">Bug\u00fcn Bizimle \u0130leti\u015fime Ge\u00e7in!<\/strong><\/p>\n<p data-start=\"593\" data-end=\"725\">Bizimle ileti\u015fime ge\u00e7mek i\u00e7in bizi aramaktan, e-posta g\u00f6ndermekten veya \u00e7evrimi\u00e7i rezervasyon sistemimizi kullanmaktan \u00e7ekinmeyin.<\/p>\n\n\t\t<\/div>\n\t<\/div>\n\n                <\/div>\n            <\/div>\n\t\t<\/div>\n<\/section>\n\n\n<\/div>","protected":false},"excerpt":{"rendered":"What is FAQ?FAQ stands for &#8220;Frequently Asked Questions.&#8221; It\u2019s a section where common questions and their answers are provided to help users find information quickly and easily. What types of services do you provide?At Concierge Clinic, we offer a full spectrum of personalized healthcare services to meet all your needs. Whether you&#8217;re seeking a medical [...]","protected":false},"author":1,"featured_media":2544,"parent":0,"menu_order":0,"comment_status":"closed","ping_status":"closed","template":"","meta":{"footnotes":""},"class_list":["post-561","page","type-page","status-publish","has-post-thumbnail","hentry"],"_links":{"self":[{"href":"https:\/\/conciergebatumi.com\/tr\/wp-json\/wp\/v2\/pages\/561","targetHints":{"allow":["GET"]}}],"collection":[{"href":"https:\/\/conciergebatumi.com\/tr\/wp-json\/wp\/v2\/pages"}],"about":[{"href":"https:\/\/conciergebatumi.com\/tr\/wp-json\/wp\/v2\/types\/page"}],"author":[{"embeddable":true,"href":"https:\/\/conciergebatumi.com\/tr\/wp-json\/wp\/v2\/users\/1"}],"replies":[{"embeddable":true,"href":"https:\/\/conciergebatumi.com\/tr\/wp-json\/wp\/v2\/comments?post=561"}],"version-history":[{"count":0,"href":"https:\/\/conciergebatumi.com\/tr\/wp-json\/wp\/v2\/pages\/561\/revisions"}],"wp:featuredmedia":[{"embeddable":true,"href":"https:\/\/conciergebatumi.com\/tr\/wp-json\/wp\/v2\/media\/2544"}],"wp:attachment":[{"href":"https:\/\/conciergebatumi.com\/tr\/wp-json\/wp\/v2\/media?parent=561"}],"curies":[{"name":"wp","href":"https:\/\/api.w.org\/{rel}","templated":true}]}}